{"id":987985,"date":"2025-09-30T23:49:01","date_gmt":"2025-09-30T20:49:01","guid":{"rendered":"https:\/\/www.modazenmobilya.com.tr\/?post_type=product&#038;p=987985"},"modified":"2025-09-30T23:51:41","modified_gmt":"2025-09-30T20:51:41","slug":"beyaz-tv-unitesi-konsol","status":"publish","type":"product","link":"https:\/\/www.modazenmobilya.com.tr\/?product=beyaz-tv-unitesi-konsol","title":{"rendered":"Beyaz TV \u00dcnitesi &#038; Konsol"},"content":{"rendered":"<div class=\"vgblk-rw-wrapper limit-wrapper\">\n<p data-start=\"108\" data-end=\"541\"><strong data-start=\"108\" data-end=\"155\">Moda Mobilya TV \u00dcnitesi ve Konsol Modelleri<\/strong>, evinizin oturma odas\u0131na hem i\u015flevsellik hem de estetik bir g\u00f6r\u00fcn\u00fcm kazand\u0131r\u0131r. Modern tasar\u0131mlar\u0131yla \u00f6ne \u00e7\u0131kan TV \u00fcniteleri, televizyonunuz i\u00e7in sa\u011flam bir alan sunarken ayn\u0131 zamanda raf ve dolap b\u00f6lmeleriyle d\u00fczenli bir ya\u015fam alan\u0131 olu\u015fturur. Konsol modelleri ise geni\u015f depolama kapasitesi ve \u015f\u0131k tasar\u0131mlar\u0131yla hem salon hem de yemek odas\u0131 dekorasyonunuza zarif bir dokunu\u015f yapar.<\/p>\n<p data-start=\"543\" data-end=\"878\">Dayan\u0131kl\u0131 malzemelerden \u00fcretilen TV \u00fcnitesi ve konsollar, uzun \u00f6m\u00fcrl\u00fc kullan\u0131m i\u00e7in idealdir. Minimalist, modern ve klasik tasar\u0131m se\u00e7enekleri sayesinde farkl\u0131 dekorasyon tarzlar\u0131na kolayca uyum sa\u011flar. Odan\u0131zda hem dekoratif hem de fonksiyonel bir kullan\u0131m sunan bu mobilyalar, ayn\u0131 zamanda e\u015fyalar\u0131n\u0131z\u0131 d\u00fczenlemenize yard\u0131mc\u0131 olur.<\/p>\n<p data-start=\"880\" data-end=\"1189\">Moda Mobilya olarak, t\u00fcm \u00fcr\u00fcnlerimizde <strong data-start=\"919\" data-end=\"950\">\u00fccretsiz nakliye ve kurulum<\/strong>, <strong data-start=\"952\" data-end=\"990\">\u00f6n \u00f6deme veya kapora olmadan sat\u0131\u015f<\/strong>, ayr\u0131ca <strong data-start=\"999\" data-end=\"1030\">kredi kart\u0131na taksit imkan\u0131<\/strong> sunuyoruz. Yalova ve \u00e7evresinde <strong data-start=\"1063\" data-end=\"1097\">TV \u00fcnitesi ve konsol modelleri<\/strong> arayanlar i\u00e7in uygun fiyatl\u0131, kaliteli ve \u015f\u0131k se\u00e7eneklerimizi ma\u011fazam\u0131zda bulabilirsiniz.<\/p>\n<\/div>\n<p><!-- .vgblk-rw-wrapper --><\/p>\n","protected":false},"excerpt":{"rendered":"<p><strong data-start=\"108\" data-end=\"155\">Moda Mobilya TV \u00dcnitesi ve Konsol Modelleri<\/strong>, evinizin oturma odas\u0131na hem i\u015flevsellik hem de estetik bir g\u00f6r\u00fcn\u00fcm kazand\u0131r\u0131r. Modern tasar\u0131mlar\u0131yla \u00f6ne \u00e7\u0131kan TV \u00fcniteleri, televizyonunuz i\u00e7in sa\u011flam bir alan sunarken ayn\u0131 zamanda raf ve dolap b\u00f6lmeleriyle d\u00fczenli bir ya\u015fam alan\u0131 olu\u015fturur. Konsol modelleri ise geni\u015f depolama kapasitesi ve \u015f\u0131k tasar\u0131mlar\u0131yla hem salon hem de yemek odas\u0131 dekorasyonunuza zarif bir dokunu\u015f yapar.<\/p>\n","protected":false},"featured_media":987986,"comment_status":"closed","ping_status":"closed","template":"","meta":[],"product_brand":[],"product_cat":[105],"product_tag":[166],"class_list":{"0":"post-987985","1":"product","2":"type-product","3":"status-publish","4":"has-post-thumbnail","6":"product_cat-tvunitesi-konsol","7":"product_tag-tvunitesi","9":"first","10":"instock","11":"shipping-taxable","12":"product-type-simple"},"_links":{"self":[{"href":"https:\/\/www.modazenmobilya.com.tr\/index.php?rest_route=\/wp\/v2\/product\/987985","targetHints":{"allow":["GET"]}}],"collection":[{"href":"https:\/\/www.modazenmobilya.com.tr\/index.php?rest_route=\/wp\/v2\/product"}],"about":[{"href":"https:\/\/www.modazenmobilya.com.tr\/index.php?rest_route=\/wp\/v2\/types\/product"}],"replies":[{"embeddable":true,"href":"https:\/\/www.modazenmobilya.com.tr\/index.php?rest_route=%2Fwp%2Fv2%2Fcomments&post=987985"}],"version-history":[{"count":2,"href":"https:\/\/www.modazenmobilya.com.tr\/index.php?rest_route=\/wp\/v2\/product\/987985\/revisions"}],"predecessor-version":[{"id":987988,"href":"https:\/\/www.modazenmobilya.com.tr\/index.php?rest_route=\/wp\/v2\/product\/987985\/revisions\/987988"}],"wp:featuredmedia":[{"embeddable":true,"href":"https:\/\/www.modazenmobilya.com.tr\/index.php?rest_route=\/wp\/v2\/media\/987986"}],"wp:attachment":[{"href":"https:\/\/www.modazenmobilya.com.tr\/index.php?rest_route=%2Fwp%2Fv2%2Fmedia&parent=987985"}],"wp:term":[{"taxonomy":"product_brand","embeddable":true,"href":"https:\/\/www.modazenmobilya.com.tr\/index.php?rest_route=%2Fwp%2Fv2%2Fproduct_brand&post=987985"},{"taxonomy":"product_cat","embeddable":true,"href":"https:\/\/www.modazenmobilya.com.tr\/index.php?rest_route=%2Fwp%2Fv2%2Fproduct_cat&post=987985"},{"taxonomy":"product_tag","embeddable":true,"href":"https:\/\/www.modazenmobilya.com.tr\/index.php?rest_route=%2Fwp%2Fv2%2Fproduct_tag&post=987985"}],"curies":[{"name":"wp","href":"https:\/\/api.w.org\/{rel}","templated":true}]}}