{"id":987901,"date":"2025-09-30T12:51:37","date_gmt":"2025-09-30T09:51:37","guid":{"rendered":"https:\/\/www.modazenmobilya.com.tr\/?post_type=product&#038;p=987901"},"modified":"2025-09-30T13:38:43","modified_gmt":"2025-09-30T10:38:43","slug":"pera-chester-baza-baslik-yatak","status":"publish","type":"product","link":"https:\/\/www.modazenmobilya.com.tr\/?product=pera-chester-baza-baslik-yatak","title":{"rendered":"Pera Chester Baza + Ba\u015fl\u0131k + Yatak"},"content":{"rendered":"<div class=\"vgblk-rw-wrapper limit-wrapper\">\n<p data-start=\"127\" data-end=\"458\"><strong data-start=\"127\" data-end=\"183\">Moda Mobilya \u00c7ift Ki\u015filik Yatak + Baza + Ba\u015fl\u0131k Seti<\/strong>, yatak odalar\u0131na hem \u015f\u0131kl\u0131k hem de konfor katmak isteyenler i\u00e7in ideal bir tercihtir. Sa\u011flam baza yap\u0131s\u0131 geni\u015f depolama alan\u0131 sunarken, kaliteli yatak sa\u011fl\u0131kl\u0131 ve konforlu bir uyku deneyimi ya\u015fat\u0131r. Modern tasar\u0131ml\u0131 ba\u015fl\u0131k ise yatak odan\u0131za estetik bir g\u00f6r\u00fcn\u00fcm kazand\u0131r\u0131r.<\/p>\n<p data-start=\"460\" data-end=\"779\">Dayan\u0131kl\u0131 malzemelerden \u00fcretilen baza uzun \u00f6m\u00fcrl\u00fc kullan\u0131m i\u00e7in tasarlanm\u0131\u015f olup, e\u015fyalar\u0131n\u0131z\u0131 g\u00fcvenle saklaman\u0131za yard\u0131mc\u0131 olur. Ortopedik \u00f6zelliklere sahip yatak, omurga sa\u011fl\u0131\u011f\u0131n\u0131z\u0131 destekler ve kaliteli bir uyku imkan\u0131 sa\u011flar. Ba\u015fl\u0131k, farkl\u0131 renk ve model se\u00e7enekleriyle odan\u0131z\u0131n dekorasyonuna kolayca uyum sa\u011flar.<\/p>\n<p data-start=\"781\" data-end=\"1078\">Moda Mobilya olarak, t\u00fcm \u00fcr\u00fcnlerimizde <strong data-start=\"820\" data-end=\"851\">\u00fccretsiz nakliye ve kurulum<\/strong>, <strong data-start=\"853\" data-end=\"884\">kredi kart\u0131na taksit imkan\u0131<\/strong> ve uygun fiyat avantaj\u0131 sunuyoruz. \u00c7ift ki\u015filik yatak + baza + ba\u015fl\u0131k setimiz, hem estetik hem de i\u015flevsel yap\u0131s\u0131yla evinizde uzun y\u0131llar g\u00fcvenle kullanabilece\u011finiz bir yatak odas\u0131 \u00e7\u00f6z\u00fcm\u00fcd\u00fcr.<\/p>\n<p data-start=\"1080\" data-end=\"1323\">Yalova ve \u00e7evresinde \u00e7ift ki\u015filik yatak odas\u0131 mobilyalar\u0131 arayanlar i\u00e7in Moda Mobilya, kaliteyi uygun fiyatla sunmaya devam ediyor. Siz de Moda Mobilya\u2019n\u0131n sundu\u011fu bu \u00f6zel set ile yatak odan\u0131z\u0131 \u015f\u0131k ve konforlu bir \u015fekilde yenileyebilirsiniz.<\/p>\n<\/div>\n<p><!-- .vgblk-rw-wrapper --><\/p>\n","protected":false},"excerpt":{"rendered":"<p><strong data-start=\"127\" data-end=\"183\">Moda Mobilya \u00c7ift Ki\u015filik Yatak + Baza + Ba\u015fl\u0131k Seti<\/strong>, yatak odalar\u0131na hem \u015f\u0131kl\u0131k hem de konfor katmak isteyenler i\u00e7in ideal bir tercihtir. Sa\u011flam baza yap\u0131s\u0131 geni\u015f depolama alan\u0131 sunarken, kaliteli yatak sa\u011fl\u0131kl\u0131 ve konforlu bir uyku deneyimi ya\u015fat\u0131r. Modern tasar\u0131ml\u0131 ba\u015fl\u0131k ise yatak odan\u0131za estetik bir g\u00f6r\u00fcn\u00fcm kazand\u0131r\u0131r.<\/p>\n","protected":false},"featured_media":987902,"comment_status":"closed","ping_status":"closed","template":"","meta":[],"product_brand":[],"product_cat":[45],"product_tag":[163],"class_list":{"0":"post-987901","1":"product","2":"type-product","3":"status-publish","4":"has-post-thumbnail","6":"product_cat-baza-baslik","7":"product_tag-cift-kisilik-baza-baslik-yatak-takimi","9":"first","10":"instock","11":"shipping-taxable","12":"product-type-simple"},"_links":{"self":[{"href":"https:\/\/www.modazenmobilya.com.tr\/index.php?rest_route=\/wp\/v2\/product\/987901","targetHints":{"allow":["GET"]}}],"collection":[{"href":"https:\/\/www.modazenmobilya.com.tr\/index.php?rest_route=\/wp\/v2\/product"}],"about":[{"href":"https:\/\/www.modazenmobilya.com.tr\/index.php?rest_route=\/wp\/v2\/types\/product"}],"replies":[{"embeddable":true,"href":"https:\/\/www.modazenmobilya.com.tr\/index.php?rest_route=%2Fwp%2Fv2%2Fcomments&post=987901"}],"version-history":[{"count":1,"href":"https:\/\/www.modazenmobilya.com.tr\/index.php?rest_route=\/wp\/v2\/product\/987901\/revisions"}],"predecessor-version":[{"id":987905,"href":"https:\/\/www.modazenmobilya.com.tr\/index.php?rest_route=\/wp\/v2\/product\/987901\/revisions\/987905"}],"wp:featuredmedia":[{"embeddable":true,"href":"https:\/\/www.modazenmobilya.com.tr\/index.php?rest_route=\/wp\/v2\/media\/987902"}],"wp:attachment":[{"href":"https:\/\/www.modazenmobilya.com.tr\/index.php?rest_route=%2Fwp%2Fv2%2Fmedia&parent=987901"}],"wp:term":[{"taxonomy":"product_brand","embeddable":true,"href":"https:\/\/www.modazenmobilya.com.tr\/index.php?rest_route=%2Fwp%2Fv2%2Fproduct_brand&post=987901"},{"taxonomy":"product_cat","embeddable":true,"href":"https:\/\/www.modazenmobilya.com.tr\/index.php?rest_route=%2Fwp%2Fv2%2Fproduct_cat&post=987901"},{"taxonomy":"product_tag","embeddable":true,"href":"https:\/\/www.modazenmobilya.com.tr\/index.php?rest_route=%2Fwp%2Fv2%2Fproduct_tag&post=987901"}],"curies":[{"name":"wp","href":"https:\/\/api.w.org\/{rel}","templated":true}]}}