{"id":987849,"date":"2025-09-30T12:27:32","date_gmt":"2025-09-30T09:27:32","guid":{"rendered":"https:\/\/www.modazenmobilya.com.tr\/?post_type=product&#038;p=987849"},"modified":"2025-09-30T12:28:43","modified_gmt":"2025-09-30T09:28:43","slug":"dikdortgen-krem-renkli-mermer-desenli-yemek-masasi-takimi","status":"publish","type":"product","link":"https:\/\/www.modazenmobilya.com.tr\/?product=dikdortgen-krem-renkli-mermer-desenli-yemek-masasi-takimi","title":{"rendered":"Dikd\u00f6rtgen Krem Renkli Mermer Desenli Yemek Masas\u0131 Tak\u0131m\u0131"},"content":{"rendered":"<div class=\"vgblk-rw-wrapper limit-wrapper\">\n<p data-start=\"86\" data-end=\"321\"><strong data-start=\"86\" data-end=\"122\">Moda Mobilya Yemek Masas\u0131 Tak\u0131m\u0131<\/strong>, modern tasar\u0131m\u0131 ve dayan\u0131kl\u0131 yap\u0131s\u0131yla evinizin yemek alan\u0131na \u015f\u0131kl\u0131k ve konfor katar. Tak\u0131m, <strong data-start=\"217\" data-end=\"244\">1 masa ve 4 sandalyeden<\/strong> olu\u015fur ve hem g\u00fcnl\u00fck kullan\u0131ma hem de \u00f6zel davetlere m\u00fckemmel uyum sa\u011flar.<\/p>\n<p data-start=\"323\" data-end=\"628\">Y\u00fcksek kaliteli malzemelerden \u00fcretilen yemek masas\u0131 tak\u0131m\u0131, uzun \u00f6m\u00fcrl\u00fc kullan\u0131m i\u00e7in tasarlanm\u0131\u015ft\u0131r. Ergonomik sandalye tasar\u0131m\u0131 sayesinde yemek saatlerinde rahat oturum sa\u011flar. \u015e\u0131k detaylar\u0131 ve farkl\u0131 dekorasyon tarzlar\u0131na uyumlu renk se\u00e7enekleri ile ya\u015fam alanlar\u0131n\u0131za estetik bir dokunu\u015f kazand\u0131r\u0131r.<\/p>\n<p data-start=\"630\" data-end=\"911\">Moda Mobilya, m\u00fc\u015fteri memnuniyetini \u00f6n planda tutarak <strong data-start=\"684\" data-end=\"715\">\u00fccretsiz nakliye ve kurulum<\/strong>, <strong data-start=\"717\" data-end=\"748\">kredi kart\u0131na taksit imkan\u0131<\/strong> ve uygun fiyat avantajlar\u0131 sunar. Yemek masas\u0131 tak\u0131m\u0131m\u0131z, hem modern hem de klasik dekorasyon tarzlar\u0131yla kolayca uyum sa\u011flayarak evinizin atmosferini tamamlar.<\/p>\n<p data-start=\"913\" data-end=\"1171\">Yalova\u2019da kaliteli ve uygun fiyatl\u0131 mobilya arayanlar i\u00e7in Moda Mobilya, g\u00fcvenilir hizmeti ve estetik tasar\u0131mlar\u0131yla \u00f6ne \u00e7\u0131kar. \u015eimdi siz de Moda Mobilya\u2019n\u0131n sundu\u011fu yemek masas\u0131 tak\u0131m\u0131 ile yemek alan\u0131n\u0131z\u0131 hem \u015f\u0131k hem de konforlu bir hale getirebilirsiniz.<\/p>\n<\/div>\n<p><!-- .vgblk-rw-wrapper --><\/p>\n","protected":false},"excerpt":{"rendered":"<p><strong data-start=\"86\" data-end=\"122\">Moda Mobilya Yemek Masas\u0131 Tak\u0131m\u0131<\/strong>, modern tasar\u0131m\u0131 ve dayan\u0131kl\u0131 yap\u0131s\u0131yla evinizin yemek alan\u0131na \u015f\u0131kl\u0131k ve konfor katar. Tak\u0131m, <strong data-start=\"217\" data-end=\"244\">1 masa ve 4 sandalyeden<\/strong> olu\u015fur ve hem g\u00fcnl\u00fck kullan\u0131ma hem de \u00f6zel davetlere m\u00fckemmel uyum sa\u011flar.<\/p>\n","protected":false},"featured_media":987850,"comment_status":"closed","ping_status":"closed","template":"","meta":[],"product_brand":[],"product_cat":[58],"product_tag":[157],"class_list":{"0":"post-987849","1":"product","2":"type-product","3":"status-publish","4":"has-post-thumbnail","6":"product_cat-yemek-masasi","7":"product_tag-dikdortgen-krem-mermer-desenli-yemek-masasi-takimi","9":"first","10":"instock","11":"shipping-taxable","12":"product-type-simple"},"_links":{"self":[{"href":"https:\/\/www.modazenmobilya.com.tr\/index.php?rest_route=\/wp\/v2\/product\/987849","targetHints":{"allow":["GET"]}}],"collection":[{"href":"https:\/\/www.modazenmobilya.com.tr\/index.php?rest_route=\/wp\/v2\/product"}],"about":[{"href":"https:\/\/www.modazenmobilya.com.tr\/index.php?rest_route=\/wp\/v2\/types\/product"}],"replies":[{"embeddable":true,"href":"https:\/\/www.modazenmobilya.com.tr\/index.php?rest_route=%2Fwp%2Fv2%2Fcomments&post=987849"}],"version-history":[{"count":1,"href":"https:\/\/www.modazenmobilya.com.tr\/index.php?rest_route=\/wp\/v2\/product\/987849\/revisions"}],"predecessor-version":[{"id":987853,"href":"https:\/\/www.modazenmobilya.com.tr\/index.php?rest_route=\/wp\/v2\/product\/987849\/revisions\/987853"}],"wp:featuredmedia":[{"embeddable":true,"href":"https:\/\/www.modazenmobilya.com.tr\/index.php?rest_route=\/wp\/v2\/media\/987850"}],"wp:attachment":[{"href":"https:\/\/www.modazenmobilya.com.tr\/index.php?rest_route=%2Fwp%2Fv2%2Fmedia&parent=987849"}],"wp:term":[{"taxonomy":"product_brand","embeddable":true,"href":"https:\/\/www.modazenmobilya.com.tr\/index.php?rest_route=%2Fwp%2Fv2%2Fproduct_brand&post=987849"},{"taxonomy":"product_cat","embeddable":true,"href":"https:\/\/www.modazenmobilya.com.tr\/index.php?rest_route=%2Fwp%2Fv2%2Fproduct_cat&post=987849"},{"taxonomy":"product_tag","embeddable":true,"href":"https:\/\/www.modazenmobilya.com.tr\/index.php?rest_route=%2Fwp%2Fv2%2Fproduct_tag&post=987849"}],"curies":[{"name":"wp","href":"https:\/\/api.w.org\/{rel}","templated":true}]}}